{"id":9,"date":"2022-12-05T19:12:28","date_gmt":"2022-12-05T18:12:28","guid":{"rendered":"https:\/\/mondonella.com\/?page_id=9"},"modified":"2022-12-05T21:01:38","modified_gmt":"2022-12-05T20:01:38","slug":"a-propos-de","status":"publish","type":"page","link":"https:\/\/mondonella.com\/index.php\/a-propos-de\/","title":{"rendered":"Qui suis-je ? et pourquoi Mondo-Nella ?"},"content":{"rendered":"\n<p class=\"has-gray-color has-text-color\">C&rsquo;est \u00e0 3 mois que j&rsquo;ai inaugur\u00e9 mon premier vol vers la Sicile.\u00a0<\/p>\n\n\n\n<p class=\"has-gray-color has-text-color\">Mes \u00e9tudes en Tourisme et mes 24 ans d&rsquo;exp\u00e9rience dans le secteur\u00a0<em>(dont presque 21 pour mon 1er employeur)<\/em>\u00a0ont confirm\u00e9 que j&rsquo;\u00e9tais une\u00a0<strong>PASSIONNEE du TOURISME<\/strong>, dans le vrai sens du terme, le\u00a0<strong>Tourisme avec un grand \u00ab\u00a0T\u00a0\u00bb.<\/strong>\u00a0<\/p>\n\n\n\n<p class=\"has-gray-color has-text-color\">Voyager est \u00e9videmment\u00a0<strong>la plus grande de mes passions<\/strong>\u00a0mais cr\u00e9er et pr\u00e9parer le circuit ad\u00e9quat \u00e0 chaque demande, satisfaire mes clients, en conna\u00eetre davantage sur chaque destination et apprendre toujours plus des cultures et des peuples de la terre enti\u00e8re sont \u00e9galement mes priorit\u00e9s.\u00a0<\/p>\n\n\n\n<p class=\"has-gray-color has-text-color\">Mes heures au bureau ne suffisent pas, je suis une grande bavarde et j<strong>e ne me fatigue jamais de parler de voyages<\/strong>\u00a0et cultures, des pays que j&rsquo;ai eu la chance de visiter et de mes projets de voyages futurs.\u00a0<\/p>\n\n\n<p class=\"fonts-plugin-block \" style=\"font-family: Catamaran;font-weight: normal;font-size: 19px;line-height: 1.3;color: #444444\">Je voyage principalement avec ma petite famille, Monsieur, enseignant (ancien banquier) et Rafa\u00ebl, ado qui nous suit depuis ses premiers mois dans toutes nos d\u00e9couvertes et qui prend autant plaisir aux Voyages que nous !<\/p>\n\n\n<p><strong>2022<\/strong>\u00a0: Voil\u00e0 c&rsquo;est d\u00e9cid\u00e9, je me lance en ind\u00e9pendante compl\u00e9mentaire dans ce qui caract\u00e9rise ma force, mon exp\u00e9rience et ma passion : la cr\u00e9ation de Voyages en Groupe \u00ab\u00a0SUR-MESURE\u00a0\u00bb.\u00a0<\/p>\n","protected":false},"excerpt":{"rendered":"<p>C&rsquo;est \u00e0 3 mois que j&rsquo;ai inaugur\u00e9 mon premier vol vers la Sicile.\u00a0 Mes \u00e9tudes en Tourisme et mes 24<\/p>\n<p><a href=\"https:\/\/mondonella.com\/index.php\/a-propos-de\/\" class=\"more-link\">Continue reading<span class=\"screen-reader-text\">Qui suis-je ? et pourquoi Mondo-Nella ?<\/span><\/a><\/p>\n","protected":false},"author":1,"featured_media":0,"parent":0,"menu_order":0,"comment_status":"closed","ping_status":"closed","template":"","meta":{"footnotes":""},"class_list":["post-9","page","type-page","status-publish","hentry"],"_links":{"self":[{"href":"https:\/\/mondonella.com\/index.php\/wp-json\/wp\/v2\/pages\/9","targetHints":{"allow":["GET"]}}],"collection":[{"href":"https:\/\/mondonella.com\/index.php\/wp-json\/wp\/v2\/pages"}],"about":[{"href":"https:\/\/mondonella.com\/index.php\/wp-json\/wp\/v2\/types\/page"}],"author":[{"embeddable":true,"href":"https:\/\/mondonella.com\/index.php\/wp-json\/wp\/v2\/users\/1"}],"replies":[{"embeddable":true,"href":"https:\/\/mondonella.com\/index.php\/wp-json\/wp\/v2\/comments?post=9"}],"version-history":[{"count":2,"href":"https:\/\/mondonella.com\/index.php\/wp-json\/wp\/v2\/pages\/9\/revisions"}],"predecessor-version":[{"id":41,"href":"https:\/\/mondonella.com\/index.php\/wp-json\/wp\/v2\/pages\/9\/revisions\/41"}],"wp:attachment":[{"href":"https:\/\/mondonella.com\/index.php\/wp-json\/wp\/v2\/media?parent=9"}],"curies":[{"name":"wp","href":"https:\/\/api.w.org\/{rel}","templated":true}]}}